{"id":2280,"date":"2017-09-29T15:37:10","date_gmt":"2017-09-29T15:37:10","guid":{"rendered":"https:\/\/elementor3.thembay.com\/puca\/?post_type=product&#038;p=2280"},"modified":"2025-03-02T13:46:07","modified_gmt":"2025-03-02T13:46:07","slug":"vi-nam-da-bo-cao-cap","status":"publish","type":"product","link":"https:\/\/8288.matbao.website\/index.php\/product\/vi-nam-da-bo-cao-cap\/","title":{"rendered":"V\u00ed nam da b\u00f2 cao c\u1ea5p"},"content":{"rendered":"<div class=\"flex max-w-full flex-col flex-grow\">\n<div class=\"min-h-8 text-message flex w-full flex-col items-end gap-2 whitespace-normal break-words text-start [.text-message+&amp;]:mt-5\" dir=\"auto\" data-message-author-role=\"assistant\" data-message-id=\"ac428e52-6188-45e5-af9c-e32b160ad348\" data-message-model-slug=\"gpt-4o-mini\">\n<div class=\"flex w-full flex-col gap-1 empty:hidden first:pt-[3px]\">\n<div class=\"markdown prose w-full break-words dark:prose-invert light\">\n<h3><strong>Ch\u1ea5t Li\u1ec7u Da B\u00f2 Cao C\u1ea5p<\/strong><\/h3>\n<p>Da b\u00f2 l\u00e0 m\u1ed9t trong nh\u1eefng lo\u1ea1i da cao c\u1ea5p, n\u1ed5i b\u1eadt v\u1edbi \u0111\u1ed9 b\u1ec1n v\u00e0 kh\u1ea3 n\u0103ng ch\u1ed1ng m\u00e0i m\u00f2n t\u1ed1t. V\u00ed da b\u00f2 cao c\u1ea5p kh\u00f4ng ch\u1ec9 gi\u1eef \u0111\u01b0\u1ee3c v\u1ebb \u0111\u1eb9p t\u1ef1 nhi\u00ean m\u00e0 c\u00f2n c\u00f3 \u0111\u1ed9 b\u1ec1n v\u01b0\u1ee3t tr\u1ed9i, gi\u00fap ng\u01b0\u1eddi s\u1eed d\u1ee5ng y\u00ean t\u00e2m trong su\u1ed1t th\u1eddi gian d\u00e0i. Ch\u1ea5t li\u1ec7u n\u00e0y c\u00f2n gi\u00fap v\u00ed c\u00f3 kh\u1ea3 n\u0103ng ch\u1ed1ng th\u1ea5m n\u01b0\u1edbc nh\u1eb9 v\u00e0 gi\u1eef m\u00e0u s\u1eafc \u0111\u1eb9p m\u1eaft d\u00f9 qua nhi\u1ec1u n\u0103m s\u1eed d\u1ee5ng.<\/p>\n<h3><strong>Thi\u1ebft K\u1ebf \u0110\u01a1n Gi\u1ea3n, Thanh L\u1ecbch<\/strong><\/h3>\n<p>V\u00ed da b\u00f2 cao c\u1ea5p th\u01b0\u1eddng c\u00f3 thi\u1ebft k\u1ebf \u0111\u01a1n gi\u1ea3n nh\u01b0ng v\u00f4 c\u00f9ng tinh t\u1ebf, v\u1edbi c\u00e1c ng\u0103n \u0111\u1ef1ng th\u1ebb, ti\u1ec1n m\u1eb7t v\u00e0 gi\u1ea5y t\u1edd r\u1ea5t ti\u1ec7n l\u1ee3i. Ki\u1ec3u d\u00e1ng nh\u1ecf g\u1ecdn nh\u01b0ng sang tr\u1ecdng, d\u1ec5 d\u00e0ng b\u1ecf v\u00e0o t\u00fai qu\u1ea7n hay balo, gi\u00fap b\u1ea1n d\u1ec5 d\u00e0ng mang theo m\u1ecdi l\u00fac, m\u1ecdi n\u01a1i.<\/p>\n<h3><strong>Phong C\u00e1ch v\u00e0 \u0110\u1eb3ng C\u1ea5p<\/strong><\/h3>\n<p>V\u00ed da b\u00f2 kh\u00f4ng ch\u1ec9 l\u00e0 m\u00f3n \u0111\u1ed3 h\u1eefu \u00edch m\u00e0 c\u00f2n l\u00e0 ph\u1ee5 ki\u1ec7n th\u1ec3 hi\u1ec7n \u0111\u1eb3ng c\u1ea5p v\u00e0 phong c\u00e1ch c\u00e1 nh\u00e2n. V\u1edbi m\u00e0u s\u1eafc t\u1ef1 nhi\u00ean, b\u1ec1 m\u1eb7t da m\u1ecbn m\u00e0ng, v\u00ed da b\u00f2 gi\u00fap b\u1ea1n t\u1ea1o d\u1ef1ng phong c\u00e1ch th\u1eddi trang l\u1ecbch l\u00e3m, tinh t\u1ebf.<\/p>\n<p>V\u1edbi ch\u1ea5t li\u1ec7u cao c\u1ea5p, thi\u1ebft k\u1ebf tinh t\u1ebf v\u00e0 kh\u1ea3 n\u0103ng s\u1eed d\u1ee5ng l\u00e2u d\u00e0i, v\u00ed nam da b\u00f2 cao c\u1ea5p l\u00e0 l\u1ef1a ch\u1ecdn ho\u00e0n h\u1ea3o cho nh\u1eefng ai y\u00eau th\u00edch s\u1ef1 sang tr\u1ecdng v\u00e0 ti\u1ec7n d\u1ee5ng.<\/p>\n<\/div>\n<\/div>\n<\/div>\n<\/div>\n<div class=\"mb-2 flex gap-3 empty:hidden -ml-2\">\n<div class=\"items-center justify-start rounded-xl p-1 flex\">\n<div class=\"flex items-center\">\n<div class=\"flex items-center pb-0\"><\/div>\n<\/div>\n<\/div>\n<\/div>\n","protected":false},"excerpt":{"rendered":"<p>V\u00ed nam da b\u00f2 cao c\u1ea5p l\u00e0 m\u1ed9t trong nh\u1eefng m\u00f3n ph\u1ee5 ki\u1ec7n kh\u00f4ng th\u1ec3 thi\u1ebfu c\u1ee7a ph\u00e1i m\u1ea1nh, v\u1eeba ti\u1ec7n d\u1ee5ng v\u1eeba th\u1ec3 hi\u1ec7n phong c\u00e1ch, \u0111\u1eb3ng c\u1ea5p. \u0110\u01b0\u1ee3c l\u00e0m t\u1eeb ch\u1ea5t li\u1ec7u da b\u00f2 t\u1ef1 nhi\u00ean, v\u00ed kh\u00f4ng ch\u1ec9 mang l\u1ea1i c\u1ea3m gi\u00e1c m\u1ec1m m\u1ea1i, b\u1ec1n b\u1ec9 m\u00e0 c\u00f2n c\u00f3 \u0111\u1ed9 b\u00f3ng t\u1ef1 nhi\u00ean, \u0111\u1eb9p m\u1eaft qua th\u1eddi gian s\u1eed d\u1ee5ng.<\/p>\n","protected":false},"featured_media":2301,"comment_status":"open","ping_status":"closed","template":"","meta":[],"product_cat":[34,43,30],"product_tag":[44,35,29],"class_list":{"0":"post-2280","1":"product","2":"type-product","3":"status-publish","4":"has-post-thumbnail","6":"product_cat-ao-khoac","7":"product_cat-men","8":"product_cat-vali","9":"product_tag-dong-ho","10":"product_tag-quan-ao","11":"product_tag-vali","12":"yith_product_brand-big-c","15":"instock","16":"shipping-taxable","17":"purchasable","18":"product-type-simple"},"_links":{"self":[{"href":"https:\/\/8288.matbao.website\/index.php\/wp-json\/wp\/v2\/product\/2280"}],"collection":[{"href":"https:\/\/8288.matbao.website\/index.php\/wp-json\/wp\/v2\/product"}],"about":[{"href":"https:\/\/8288.matbao.website\/index.php\/wp-json\/wp\/v2\/types\/product"}],"replies":[{"embeddable":true,"href":"https:\/\/8288.matbao.website\/index.php\/wp-json\/wp\/v2\/comments?post=2280"}],"wp:featuredmedia":[{"embeddable":true,"href":"https:\/\/8288.matbao.website\/index.php\/wp-json\/wp\/v2\/media\/2301"}],"wp:attachment":[{"href":"https:\/\/8288.matbao.website\/index.php\/wp-json\/wp\/v2\/media?parent=2280"}],"wp:term":[{"taxonomy":"product_cat","embeddable":true,"href":"https:\/\/8288.matbao.website\/index.php\/wp-json\/wp\/v2\/product_cat?post=2280"},{"taxonomy":"product_tag","embeddable":true,"href":"https:\/\/8288.matbao.website\/index.php\/wp-json\/wp\/v2\/product_tag?post=2280"}],"curies":[{"name":"wp","href":"https:\/\/api.w.org\/{rel}","templated":true}]}}