{"id":2263,"date":"2017-09-29T15:26:45","date_gmt":"2017-09-29T15:26:45","guid":{"rendered":"https:\/\/elementor3.thembay.com\/puca\/?post_type=product&#038;p=2263"},"modified":"2025-03-02T13:46:07","modified_gmt":"2025-03-02T13:46:07","slug":"kinh-mat-thoi-trang-chong-tia-uv-cuc-tot","status":"publish","type":"product","link":"https:\/\/8288.matbao.website\/index.php\/product\/kinh-mat-thoi-trang-chong-tia-uv-cuc-tot\/","title":{"rendered":"K\u00ednh m\u00e1t th\u1eddi trang ch\u1ed1ng tia UV c\u1ef1c t\u1ed1t"},"content":{"rendered":"<h3><strong>Ch\u1ed1ng Tia UV T\u1ed1i \u01afu<\/strong><\/h3>\n<p>K\u00ednh m\u00e1t th\u1eddi trang ch\u1ed1ng tia UV c\u1ef1c t\u1ed1t \u0111\u01b0\u1ee3c thi\u1ebft k\u1ebf v\u1edbi l\u1edbp tr\u00e1ng \u0111\u1eb7c bi\u1ec7t gi\u00fap ng\u0103n ch\u1eb7n \u0111\u1ebfn 99% tia UV c\u00f3 h\u1ea1i. \u0110i\u1ec1u n\u00e0y gi\u00fap b\u1ea3o v\u1ec7 \u0111\u00f4i m\u1eaft c\u1ee7a b\u1ea1n kh\u1ecfi t\u00e1c \u0111\u1ed9ng x\u1ea5u t\u1eeb \u00e1nh s\u00e1ng m\u1eb7t tr\u1eddi, gi\u1ea3m m\u1ecfi m\u1eaft v\u00e0 kh\u00f3 ch\u1ecbu khi ti\u1ebfp x\u00fac l\u00e2u v\u1edbi \u00e1nh n\u1eafng gay g\u1eaft. Nh\u1eefng chi\u1ebfc k\u00ednh n\u00e0y l\u00fd t\u01b0\u1edfng khi b\u1ea1n tham gia c\u00e1c ho\u1ea1t \u0111\u1ed9ng ngo\u00e0i tr\u1eddi, \u0111i d\u1ea1o bi\u1ec3n hay du l\u1ecbch.<\/p>\n<h3><strong>Phong C\u00e1ch Th\u1eddi Trang<\/strong><\/h3>\n<p>Ngo\u00e0i c\u00f4ng d\u1ee5ng b\u1ea3o v\u1ec7, k\u00ednh m\u00e1t c\u00f2n l\u00e0 ph\u1ee5 ki\u1ec7n th\u1eddi trang kh\u00f4ng th\u1ec3 thi\u1ebfu. V\u1edbi c\u00e1c thi\u1ebft k\u1ebf hi\u1ec7n \u0111\u1ea1i, m\u00e0u s\u1eafc b\u1eaft m\u1eaft v\u00e0 ki\u1ec3u d\u00e1ng \u0111a d\u1ea1ng, k\u00ednh m\u00e1t ch\u1ed1ng UV c\u00f3 th\u1ec3 d\u1ec5 d\u00e0ng k\u1ebft h\u1ee3p v\u1edbi nhi\u1ec1u trang ph\u1ee5c kh\u00e1c nhau, t\u1eeb trang ph\u1ee5c d\u1ea1o ph\u1ed1 \u0111\u1ebfn \u0111\u1ed3 \u0111i bi\u1ec3n. B\u1ea1n c\u00f3 th\u1ec3 ch\u1ecdn k\u00ednh c\u00f3 g\u1ecdng kim lo\u1ea1i m\u1ea3nh, k\u00ednh m\u1eaft m\u00e8o ho\u1eb7c c\u00e1c ki\u1ec3u k\u00ednh oversized \u0111\u1ec3 t\u1ea1o \u0111i\u1ec3m nh\u1ea5n cho b\u1ed9 trang ph\u1ee5c c\u1ee7a m\u00ecnh.<\/p>\n<h3><strong>Ch\u1ea5t Li\u1ec7u B\u1ec1n B\u1ec9 v\u00e0 Ti\u1ec7n L\u1ee3i<\/strong><\/h3>\n<p>K\u00ednh m\u00e1t ch\u1ed1ng tia UV c\u1ef1c t\u1ed1t th\u01b0\u1eddng \u0111\u01b0\u1ee3c l\u00e0m t\u1eeb ch\u1ea5t li\u1ec7u nh\u1ef1a ho\u1eb7c kim lo\u1ea1i cao c\u1ea5p, mang l\u1ea1i c\u1ea3m gi\u00e1c nh\u1eb9 nh\u00e0ng v\u00e0 d\u1ec5 ch\u1ecbu khi \u0111eo. G\u1ecdng k\u00ednh ch\u1eafc ch\u1eafn, kh\u00f4ng d\u1ec5 b\u1ecb tr\u1ea7y x\u01b0\u1edbc, gi\u00fap s\u1ea3n ph\u1ea9m b\u1ec1n l\u00e2u.<\/p>\n<p>K\u00ednh m\u00e1t th\u1eddi trang ch\u1ed1ng tia UV c\u1ef1c t\u1ed1t l\u00e0 s\u1ef1 l\u1ef1a ch\u1ecdn ho\u00e0n h\u1ea3o \u0111\u1ec3 b\u1ea3o v\u1ec7 m\u1eaft \u0111\u1ed3ng th\u1eddi n\u00e2ng cao phong c\u00e1ch c\u00e1 nh\u00e2n.<\/p>\n","protected":false},"excerpt":{"rendered":"<p>K\u00ednh m\u00e1t th\u1eddi trang ch\u1ed1ng tia UV c\u1ef1c t\u1ed1t l\u00e0 l\u1ef1a ch\u1ecdn l\u00fd t\u01b0\u1edfng kh\u00f4ng ch\u1ec9 gi\u00fap b\u1ea3o v\u1ec7 \u0111\u00f4i m\u1eaft kh\u1ecfi t\u00e1c h\u1ea1i c\u1ee7a \u00e1nh n\u1eafng m\u1eb7t tr\u1eddi m\u00e0 c\u00f2n mang l\u1ea1i v\u1ebb ngo\u00e0i s\u00e0nh \u0111i\u1ec7u, th\u1eddi th\u01b0\u1ee3ng. Nh\u1eefng chi\u1ebfc k\u00ednh m\u00e1t n\u00e0y \u0111\u01b0\u1ee3c trang b\u1ecb c\u00f4ng ngh\u1ec7 hi\u1ec7n \u0111\u1ea1i, gi\u00fap l\u1ecdc v\u00e0 ng\u0103n ch\u1eb7n hi\u1ec7u qu\u1ea3 tia c\u1ef1c t\u00edm (UV) t\u1eeb \u00e1nh s\u00e1ng m\u1eb7t tr\u1eddi, b\u1ea3o v\u1ec7 m\u1eaft kh\u1ecfi c\u00e1c b\u1ec7nh l\u00fd nh\u01b0 \u0111\u1ee5c th\u1ee7y tinh th\u1ec3 hay tho\u00e1i h\u00f3a \u0111i\u1ec3m v\u00e0ng.<\/p>\n","protected":false},"featured_media":2242,"comment_status":"open","ping_status":"closed","template":"","meta":[],"product_cat":[34,43,28,50],"product_tag":[51,27,29],"class_list":{"0":"post-2263","1":"product","2":"type-product","3":"status-publish","4":"has-post-thumbnail","6":"product_cat-ao-khoac","7":"product_cat-men","8":"product_cat-non","9":"product_cat-women","10":"product_tag-giay","11":"product_tag-phu-kien","12":"product_tag-vali","13":"yith_product_brand-lotte","16":"instock","17":"shipping-taxable","18":"purchasable","19":"product-type-variable","20":"has-default-attributes"},"_links":{"self":[{"href":"https:\/\/8288.matbao.website\/index.php\/wp-json\/wp\/v2\/product\/2263"}],"collection":[{"href":"https:\/\/8288.matbao.website\/index.php\/wp-json\/wp\/v2\/product"}],"about":[{"href":"https:\/\/8288.matbao.website\/index.php\/wp-json\/wp\/v2\/types\/product"}],"replies":[{"embeddable":true,"href":"https:\/\/8288.matbao.website\/index.php\/wp-json\/wp\/v2\/comments?post=2263"}],"wp:featuredmedia":[{"embeddable":true,"href":"https:\/\/8288.matbao.website\/index.php\/wp-json\/wp\/v2\/media\/2242"}],"wp:attachment":[{"href":"https:\/\/8288.matbao.website\/index.php\/wp-json\/wp\/v2\/media?parent=2263"}],"wp:term":[{"taxonomy":"product_cat","embeddable":true,"href":"https:\/\/8288.matbao.website\/index.php\/wp-json\/wp\/v2\/product_cat?post=2263"},{"taxonomy":"product_tag","embeddable":true,"href":"https:\/\/8288.matbao.website\/index.php\/wp-json\/wp\/v2\/product_tag?post=2263"}],"curies":[{"name":"wp","href":"https:\/\/api.w.org\/{rel}","templated":true}]}}